{"id":2751,"date":"2020-11-25T18:39:07","date_gmt":"2020-11-25T18:39:07","guid":{"rendered":"https:\/\/webfacile.ca\/la-empresa\/"},"modified":"2020-11-26T17:22:03","modified_gmt":"2020-11-26T17:22:03","slug":"la-empresa","status":"publish","type":"page","link":"https:\/\/webfacile.ca\/es\/la-empresa","title":{"rendered":"La empresa"},"content":{"rendered":"<p>[vc_row equal_height=\u00bbyes\u00bb content_placement=\u00bbmiddle\u00bb type=\u00bbvc_default\u00bb margin_top=\u00bb5&#8243; margin_bottom=\u00bb10&#8243; css=\u00bb.vc_custom_1529516549373{padding-top: 70px !important;padding-bottom: 20px !important;}\u00bb][vc_column offset=\u00bbvc_col-lg-offset-2 vc_col-lg-8 vc_col-md-offset-1 vc_col-md-10&#8243;]<div id=\"ultimate-heading-250969d298b6bda67\" class=\"uvc-heading ult-adjust-bottom-margin ultimate-heading-250969d298b6bda67 uvc-6927 accent-border-color\" data-hspacer=\"line_only\"  data-halign=\"center\" style=\"text-align:center\"><div class=\"uvc-main-heading ult-responsive\"  data-ultimate-target='.uvc-heading.ultimate-heading-250969d298b6bda67 h2'  data-responsive-json-new='{\"font-size\":\"desktop:44px;tablet_portrait:30px;\",\"line-height\":\"desktop:54px;tablet_portrait:40px;\"}' ><h2 style=\"font-weight:bold;margin-bottom:10px;\">Una agencia web diferente<\/h2><\/div><div class=\"uvc-heading-spacer line_only\" style=\"margin-bottom:40px;height:5px;\"><span class=\"uvc-headings-line\" style=\"border-style:solid;border-bottom-width:5px;border-color:;width:120px;\"><\/span><\/div><div class=\"uvc-sub-heading ult-responsive\"  data-ultimate-target='.uvc-heading.ultimate-heading-250969d298b6bda67 .uvc-sub-heading '  data-responsive-json-new='{\"font-size\":\"desktop:22px;mobile_landscape:16px;\",\"line-height\":\"desktop:32px;mobile_landscape:26px;\"}'  style=\"font-style:italic;font-weight:normal;color:#333333;margin-bottom:70px;\">Un equipo apasionado y eficiente que escucha sus necesidades<\/div><\/div>[\/vc_column][vc_column][vc_row_inner equal_height=\u00bbyes\u00bb content_placement=\u00bbmiddle\u00bb][vc_column_inner width=\u00bb1\/2&#8243; css=\u00bb.vc_custom_1491746388981{padding-bottom: 50px !important;}\u00bb]<style type=\"text\/css\" data-type=\"the7_shortcodes-inline-css\">.shortcode-single-image-wrap.shortcode-single-image-a15b3007dec5944ad8c2fdee312e720d.enable-bg-rollover .rollover i,\n.shortcode-single-image-wrap.shortcode-single-image-a15b3007dec5944ad8c2fdee312e720d.enable-bg-rollover .rollover-video i {\n  background: -webkit-linear-gradient();\n  background: linear-gradient();\n}\n.shortcode-single-image-wrap.shortcode-single-image-a15b3007dec5944ad8c2fdee312e720d .rollover-icon {\n  font-size: 32px;\n  color: #ffffff;\n  min-width: 44px;\n  min-height: 44px;\n  line-height: 44px;\n  border-radius: 100px;\n  border-style: solid;\n  border-width: 0px;\n}\n.dt-icon-bg-on.shortcode-single-image-wrap.shortcode-single-image-a15b3007dec5944ad8c2fdee312e720d .rollover-icon {\n  background: rgba(255,255,255,0.3);\n  box-shadow: none;\n}\n<\/style><div class=\"shortcode-single-image-wrap shortcode-single-image-a15b3007dec5944ad8c2fdee312e720d alignnone  enable-bg-rollover dt-icon-bg-off\" style=\"margin-top:0px; margin-bottom:0px; margin-left:0px; margin-right:0px; width:1000px;\"><div class=\"shortcode-single-image\"><div class=\"fancy-media-wrap  layzr-bg\" style=\"\"><img fetchpriority=\"high\" decoding=\"async\" class=\"preload-me lazy-load aspect\" src=\"data:image\/svg+xml,%3Csvg%20xmlns%3D&#39;http%3A%2F%2Fwww.w3.org%2F2000%2Fsvg&#39;%20viewBox%3D&#39;0%200%201000%20700&#39;%2F%3E\" data-src=\"https:\/\/webfacile.ca\/wp-content\/uploads\/2018\/06\/trade05-1000x700.jpg\" data-srcset=\"https:\/\/webfacile.ca\/wp-content\/uploads\/2018\/06\/trade05-1000x700.jpg 1000w, https:\/\/webfacile.ca\/wp-content\/uploads\/2018\/06\/trade05-1428x1000.jpg 1428w\" loading=\"eager\" sizes=\"(max-width: 1000px) 100vw, 1000px\" width=\"1000\" height=\"700\"  data-dt-location=\"https:\/\/webfacile.ca\/es\/about\/trade05\/\" style=\"--ratio: 1000 \/ 700;\" alt=\"\" \/><\/div><\/div><\/div>[\/vc_column_inner][vc_column_inner width=\u00bb1\/2&#8243; css=\u00bb.vc_custom_1491746397816{padding-bottom: 50px !important;}\u00bb][vc_column_text css=\u00bb.vc_custom_1606174783989{padding-bottom: 20px !important;}\u00bb]Webfacile es pionera en la creaci\u00f3n de sitios web, nuestros sitios siempre de alta calidad y con ergonom\u00eda adaptada a todos los formatos, ya sea en el tel\u00e9fono o en la pantalla de un televisor.<\/p>\n<p>Porque nuestro equipo est\u00e1 siempre atento a los nuevos productos y las \u00faltimas tendencias, le guiaremos para que su p\u00e1gina web se ajuste a sus necesidades.<\/p>\n<p>Puede confiar en nosotros para\u00a0 la realizaci\u00f3n y alojamiento de su sitio web.[\/vc_column_text]<style type=\"text\/css\" data-type=\"the7_shortcodes-inline-css\">#default-btn-a641972cd4d645e656a3e8d18c86d016.ico-right-side > i {\n  margin-right: 0px;\n  margin-left: 8px;\n}\n#default-btn-a641972cd4d645e656a3e8d18c86d016 > i {\n  margin-right: 8px;\n}\n<\/style><a href=\"https:\/\/webfacile.ca\/contactez-nous\/\" class=\"default-btn-shortcode dt-btn dt-btn-m link-hover-off btn-inline-left \" id=\"default-btn-a641972cd4d645e656a3e8d18c86d016\" title=\"Contactez-nous\"><span>CONTACTEZ-NOUS<\/span><\/a>[\/vc_column_inner][\/vc_row_inner][\/vc_column][\/vc_row][vc_row bg_type=\u00bbgrad\u00bb bg_override=\u00bbex-full\u00bb type=\u00bbvc_default\u00bb margin_top=\u00bb-50&#8243; css=\u00bb.vc_custom_1605809905539{padding-top: 50px !important;padding-bottom: 0px !important;}\u00bb bg_grad=\u00bbbackground: -webkit-gradient(linear, left top, left bottom, color-stop(10%, #226DC9), color-stop(95%, #C2DCEA));background: -moz-linear-gradient(left,#226DC9 10%,#C2DCEA 95%);background: -webkit-linear-gradient(left,#226DC9 10%,#C2DCEA 95%);background: -o-linear-gradient(left,#226DC9 10%,#C2DCEA 95%);background: -ms-linear-gradient(left,#226DC9 10%,#C2DCEA 95%);background: linear-gradient(left,#226DC9 10%,#C2DCEA 95%);\u00bb][vc_column width=\u00bb1\/3&#8243; offset=\u00bbvc_col-lg-4 vc_col-md-4&#8243; css=\u00bb.vc_custom_1476022220212{padding-bottom: 40px !important;}\u00bb]<div class=\"stats-block stats-left   vc_custom_1606150644526\"><div class=\"aio-icon-left\"><div class=\"ult-just-icon-wrapper  \"><div class=\"align-icon\" style=\"text-align:center;\">\n<div class=\"aio-icon advanced \"  style=\"color:#ffffff;background:rgba(255,255,255,0.15);border-style:;border-color:#333333;border-width:1px;width:70px;height:70px;line-height:70px;border-radius:500px;font-size:36px;display:inline-block;\">\n\t<i class=\"icomoon-fontawesome-16x16-child\"><\/i>\n<\/div><\/div><\/div><\/div><div class=\"stats-desc\" id=\"counter-responsv-wrap-7615\"><div id=\"counter_174788268369d298b6bf5e4\" data-id=\"counter_174788268369d298b6bf5e4\"  data-ultimate-target='#counter-responsv-wrap-7615 .stats-number'  data-responsive-json-new='{\"font-size\":\"desktop:54px;\",\"line-height\":\"desktop:64px;\"}'  class=\"stats-number ult-responsive\" style=\" color:#ffffff; font-family:&#039;Open Sans&#039;;font-weight:700;color:#ffffff;\" data-speed=\"5\" data-counter-value=\"40\" data-separator=\",\" data-decimal=\".\">0<\/div><div class=\"counter_suffix mycust ult-responsive\"  data-ultimate-target='#counter-responsv-wrap-7615 .mycust'  data-responsive-json-new='{\"font-size\":\"desktop:54px;\",\"line-height\":\"desktop:64px;\"}'  style=\" font-family:&#039;Open Sans&#039;;font-weight:700;color:#ffffff\">+<\/div><div id=\"counter_174788268369d298b6bf5e4\"  data-ultimate-target='#counter-responsv-wrap-7615 .stats-text'  data-responsive-json-new='{\"font-size\":\"desktop:22px;\",\"line-height\":\"desktop:32px;\"}'  class=\"stats-text ult-responsive\" style=\"font-size:px; color:#ffffff; font-family:&#039;Raleway&#039;;font-weight:700;\">Clientes activos<\/div><\/div><\/div>[\/vc_column][vc_column width=\u00bb1\/3&#8243; css=\u00bb.vc_custom_1476022224743{padding-bottom: 40px !important;}\u00bb]<div class=\"stats-block stats-left   vc_custom_1606151388450\"><div class=\"aio-icon-left\"><div class=\"ult-just-icon-wrapper  \"><div class=\"align-icon\" style=\"text-align:center;\">\n<div class=\"aio-icon advanced \"  style=\"color:#ffffff;background:rgba(255,255,255,0.15);border-style:;border-color:#333333;border-width:1px;width:70px;height:70px;line-height:70px;border-radius:500px;font-size:36px;display:inline-block;\">\n\t<i class=\"icomoon-fontawesome-16x16-briefcase\"><\/i>\n<\/div><\/div><\/div><\/div><div class=\"stats-desc\" id=\"counter-responsv-wrap-6303\"><div id=\"counter_40328420469d298b6bf7cb\" data-id=\"counter_40328420469d298b6bf7cb\"  data-ultimate-target='#counter-responsv-wrap-6303 .stats-number'  data-responsive-json-new='{\"font-size\":\"desktop:54px;\",\"line-height\":\"desktop:64px;\"}'  class=\"stats-number ult-responsive\" style=\" color:#ffffff; font-family:&#039;Open Sans&#039;;font-weight:700;color:#ffffff;\" data-speed=\"5\" data-counter-value=\"90\" data-separator=\",\" data-decimal=\".\">0<\/div><div class=\"counter_suffix mycust ult-responsive\"  data-ultimate-target='#counter-responsv-wrap-6303 .mycust'  data-responsive-json-new='{\"font-size\":\"desktop:54px;\",\"line-height\":\"desktop:64px;\"}'  style=\" font-family:&#039;Open Sans&#039;;font-weight:700;color:#ffffff\">+<\/div><div id=\"counter_40328420469d298b6bf7cb\"  data-ultimate-target='#counter-responsv-wrap-6303 .stats-text'  data-responsive-json-new='{\"font-size\":\"desktop:22px;\",\"line-height\":\"desktop:32px;\"}'  class=\"stats-text ult-responsive\" style=\"font-size:px; color:#ffffff; font-family:&#039;Raleway&#039;;font-weight:700;\">Proyectos completados<\/div><\/div><\/div>[\/vc_column][vc_column width=\u00bb1\/3&#8243; css=\u00bb.vc_custom_1476022230071{padding-bottom: 40px !important;}\u00bb]<div class=\"stats-block stats-left   vc_custom_1606175388654\"><div class=\"aio-icon-left\"><div class=\"ult-just-icon-wrapper  \"><div class=\"align-icon\" style=\"text-align:center;\">\n<div class=\"aio-icon advanced \"  style=\"color:#ffffff;background:rgba(255,255,255,0.15);border-style:;border-color:#333333;border-width:1px;width:70px;height:70px;line-height:70px;border-radius:500px;font-size:36px;display:inline-block;\">\n\t<i class=\"far fa-calendar-check\"><\/i>\n<\/div><\/div><\/div><\/div><div class=\"stats-desc\" id=\"counter-responsv-wrap-9229\"><div id=\"counter_124558903269d298b6bf95e\" data-id=\"counter_124558903269d298b6bf95e\"  data-ultimate-target='#counter-responsv-wrap-9229 .stats-number'  data-responsive-json-new='{\"font-size\":\"desktop:54px;\",\"line-height\":\"desktop:64px;\"}'  class=\"stats-number ult-responsive\" style=\" color:#ffffff; font-family:&#039;Open Sans&#039;;font-weight:700;color:#ffffff;\" data-speed=\"5\" data-counter-value=\"20\" data-separator=\",\" data-decimal=\".\">0<\/div><div class=\"counter_suffix mycust ult-responsive\"  data-ultimate-target='#counter-responsv-wrap-9229 .mycust'  data-responsive-json-new='{\"font-size\":\"desktop:54px;\",\"line-height\":\"desktop:64px;\"}'  style=\" font-family:&#039;Open Sans&#039;;font-weight:700;color:#ffffff\">+<\/div><div id=\"counter_124558903269d298b6bf95e\"  data-ultimate-target='#counter-responsv-wrap-9229 .stats-text'  data-responsive-json-new='{\"font-size\":\"desktop:22px;\",\"line-height\":\"desktop:32px;\"}'  class=\"stats-text ult-responsive\" style=\"font-size:px; color:#ffffff; font-family:&#039;Raleway&#039;;font-weight:700;\">A\u00f1os de experiencia<\/div><\/div><\/div>[\/vc_column][\/vc_row][vc_row equal_height=\u00bbyes\u00bb content_placement=\u00bbmiddle\u00bb bg_type=\u00bbbg_color\u00bb bg_override=\u00bbex-full\u00bb type=\u00bbvc_default\u00bb margin_top=\u00bb5&#8243; margin_bottom=\u00bb10&#8243; css=\u00bb.vc_custom_1529516558512{padding-top: 70px !important;padding-bottom: 20px !important;}\u00bb bg_color_value=\u00bbrgba(170,170,170,0.1)\u00bb][vc_column][vc_row_inner equal_height=\u00bbyes\u00bb content_placement=\u00bbmiddle\u00bb][vc_column_inner width=\u00bb1\/2&#8243; css=\u00bb.vc_custom_1491746397816{padding-bottom: 50px !important;}\u00bb]<div id=\"ultimate-heading-641469d298b6bfa16\" class=\"uvc-heading ult-adjust-bottom-margin ultimate-heading-641469d298b6bfa16 uvc-4927 accent-border-color\" data-hspacer=\"line_only\"  data-halign=\"left\" style=\"text-align:left\"><div class=\"uvc-main-heading ult-responsive\"  data-ultimate-target='.uvc-heading.ultimate-heading-641469d298b6bfa16 h2'  data-responsive-json-new='{\"font-size\":\"desktop:30px;\",\"line-height\":\"desktop:40px;\"}' ><h2 style=\"font-weight:bold;margin-bottom:5px;\">Servicios orientados al cliente<\/h2><\/div><div class=\"uvc-heading-spacer line_only\" style=\"margin-bottom:40px;height:3px;\"><span class=\"uvc-headings-line\" style=\"border-style:solid;border-bottom-width:3px;border-color:;width:80px;\"><\/span><\/div><\/div>[vc_column_text]\u00bfQuieres acelerar y desarrollar el crecimiento de su negocio? Webfacile ofrece un servicio de dise\u00f1o de sitios web dedicado a peque\u00f1as o grandes empresas, y lo apoya desde la creaci\u00f3n hasta la administraci\u00f3n de su sitio web.<\/p>\n<p><strong>Le ofrecemos:<\/strong><\/p>\n<ul>\n<li>Desarrollo web<\/li>\n<li>SEO<\/li>\n<li>Dise\u00f1o gr\u00e1fico<\/li>\n<li>Web Marketing &#8211; CRM<\/li>\n<li>Creaci\u00f3n de contenido<\/li>\n<li>Alojamiento web<\/li>\n<\/ul>\n<p>[\/vc_column_text][\/vc_column_inner][vc_column_inner width=\u00bb1\/2&#8243; css=\u00bb.vc_custom_1491746388981{padding-bottom: 50px !important;}\u00bb]<style type=\"text\/css\" data-type=\"the7_shortcodes-inline-css\">.shortcode-single-image-wrap.shortcode-single-image-2824c5488349b72b4daf16aa981a390b.enable-bg-rollover .rollover i,\n.shortcode-single-image-wrap.shortcode-single-image-2824c5488349b72b4daf16aa981a390b.enable-bg-rollover .rollover-video i {\n  background: -webkit-linear-gradient();\n  background: linear-gradient();\n}\n.shortcode-single-image-wrap.shortcode-single-image-2824c5488349b72b4daf16aa981a390b .rollover-icon {\n  font-size: 32px;\n  color: #ffffff;\n  min-width: 44px;\n  min-height: 44px;\n  line-height: 44px;\n  border-radius: 100px;\n  border-style: solid;\n  border-width: 0px;\n}\n.dt-icon-bg-on.shortcode-single-image-wrap.shortcode-single-image-2824c5488349b72b4daf16aa981a390b .rollover-icon {\n  background: rgba(255,255,255,0.3);\n  box-shadow: none;\n}\n<\/style><div class=\"shortcode-single-image-wrap shortcode-single-image-2824c5488349b72b4daf16aa981a390b alignnone  enable-bg-rollover dt-icon-bg-off\" style=\"margin-top:0px; margin-bottom:0px; margin-left:0px; margin-right:0px; width:1000px;\"><div class=\"shortcode-single-image\"><div class=\"fancy-media-wrap  layzr-bg\" style=\"\"><img decoding=\"async\" class=\"preload-me lazy-load aspect\" src=\"data:image\/svg+xml,%3Csvg%20xmlns%3D&#39;http%3A%2F%2Fwww.w3.org%2F2000%2Fsvg&#39;%20viewBox%3D&#39;0%200%201000%20700&#39;%2F%3E\" data-src=\"https:\/\/webfacile.ca\/wp-content\/uploads\/2018\/06\/trade03-1000x700.jpg\" data-srcset=\"https:\/\/webfacile.ca\/wp-content\/uploads\/2018\/06\/trade03-1000x700.jpg 1000w, https:\/\/webfacile.ca\/wp-content\/uploads\/2018\/06\/trade03-1428x1000.jpg 1428w\" loading=\"eager\" sizes=\"(max-width: 1000px) 100vw, 1000px\" width=\"1000\" height=\"700\"  data-dt-location=\"https:\/\/webfacile.ca\/es\/about\/trade03\/\" style=\"--ratio: 1000 \/ 700;\" alt=\"\" \/><\/div><\/div><\/div>[\/vc_column_inner][\/vc_row_inner][\/vc_column][\/vc_row][vc_row equal_height=\u00bbyes\u00bb content_placement=\u00bbmiddle\u00bb type=\u00bbvc_default\u00bb margin_top=\u00bb5&#8243; margin_bottom=\u00bb10&#8243; css=\u00bb.vc_custom_1529516563909{padding-top: 70px !important;padding-bottom: 20px !important;}\u00bb][vc_column][vc_row_inner equal_height=\u00bbyes\u00bb content_placement=\u00bbmiddle\u00bb][vc_column_inner width=\u00bb1\/2&#8243; css=\u00bb.vc_custom_1491746388981{padding-bottom: 50px !important;}\u00bb]<style type=\"text\/css\" data-type=\"the7_shortcodes-inline-css\">.shortcode-single-image-wrap.shortcode-single-image-25fc5b19ea281169dc928be45ca93e85.enable-bg-rollover .rollover i,\n.shortcode-single-image-wrap.shortcode-single-image-25fc5b19ea281169dc928be45ca93e85.enable-bg-rollover .rollover-video i {\n  background: -webkit-linear-gradient();\n  background: linear-gradient();\n}\n.shortcode-single-image-wrap.shortcode-single-image-25fc5b19ea281169dc928be45ca93e85 .rollover-icon {\n  font-size: 32px;\n  color: #ffffff;\n  min-width: 44px;\n  min-height: 44px;\n  line-height: 44px;\n  border-radius: 100px;\n  border-style: solid;\n  border-width: 0px;\n}\n.dt-icon-bg-on.shortcode-single-image-wrap.shortcode-single-image-25fc5b19ea281169dc928be45ca93e85 .rollover-icon {\n  background: rgba(255,255,255,0.3);\n  box-shadow: none;\n}\n<\/style><div class=\"shortcode-single-image-wrap shortcode-single-image-25fc5b19ea281169dc928be45ca93e85 alignnone  enable-bg-rollover dt-icon-bg-off\" style=\"margin-top:0px; margin-bottom:0px; margin-left:0px; margin-right:0px; width:1000px;\"><div class=\"shortcode-single-image\"><div class=\"fancy-media-wrap  layzr-bg\" style=\"\"><img decoding=\"async\" class=\"preload-me lazy-load aspect\" src=\"data:image\/svg+xml,%3Csvg%20xmlns%3D&#39;http%3A%2F%2Fwww.w3.org%2F2000%2Fsvg&#39;%20viewBox%3D&#39;0%200%201000%20700&#39;%2F%3E\" data-src=\"https:\/\/webfacile.ca\/wp-content\/uploads\/2018\/06\/trade02-1000x700.jpg\" data-srcset=\"https:\/\/webfacile.ca\/wp-content\/uploads\/2018\/06\/trade02-1000x700.jpg 1000w, https:\/\/webfacile.ca\/wp-content\/uploads\/2018\/06\/trade02-1428x1000.jpg 1428w\" loading=\"eager\" sizes=\"(max-width: 1000px) 100vw, 1000px\" width=\"1000\" height=\"700\"  data-dt-location=\"https:\/\/webfacile.ca\/es\/about\/trade02\/\" style=\"--ratio: 1000 \/ 700;\" alt=\"\" \/><\/div><\/div><\/div>[\/vc_column_inner][vc_column_inner width=\u00bb1\/2&#8243; css=\u00bb.vc_custom_1491746397816{padding-bottom: 50px !important;}\u00bb]<div id=\"ultimate-heading-931169d298b6c234a\" class=\"uvc-heading ult-adjust-bottom-margin ultimate-heading-931169d298b6c234a uvc-9169 accent-border-color\" data-hspacer=\"line_only\"  data-halign=\"left\" style=\"text-align:left\"><div class=\"uvc-main-heading ult-responsive\"  data-ultimate-target='.uvc-heading.ultimate-heading-931169d298b6c234a h2'  data-responsive-json-new='{\"font-size\":\"desktop:30px;\",\"line-height\":\"desktop:40px;\"}' ><h2 style=\"font-weight:bold;margin-bottom:5px;\">Misi\u00f3n<\/h2><\/div><div class=\"uvc-heading-spacer line_only\" style=\"margin-bottom:40px;height:3px;\"><span class=\"uvc-headings-line\" style=\"border-style:solid;border-bottom-width:3px;border-color:;width:80px;\"><\/span><\/div><\/div>[vc_column_text]Crear sitios que cumplan con sus expectativas al mejor precio.<\/p>\n<p>Llevamos m\u00e1s de 20 a\u00f1os en el negocio, tenemos la experiencia y el conocimiento para todos sus proyectos web.[\/vc_column_text][\/vc_column_inner][\/vc_row_inner][\/vc_column][\/vc_row][vc_row equal_height=\u00bbyes\u00bb content_placement=\u00bbmiddle\u00bb bg_type=\u00bbbg_color\u00bb bg_override=\u00bbex-full\u00bb type=\u00bbvc_default\u00bb margin_top=\u00bb5&#8243; margin_bottom=\u00bb10&#8243; css=\u00bb.vc_custom_1529516569188{padding-top: 70px !important;padding-bottom: 20px !important;}\u00bb bg_color_value=\u00bbrgba(170,170,170,0.1)\u00bb][vc_column][vc_row_inner equal_height=\u00bbyes\u00bb content_placement=\u00bbmiddle\u00bb][vc_column_inner width=\u00bb1\/2&#8243; css=\u00bb.vc_custom_1491746397816{padding-bottom: 50px !important;}\u00bb]<div id=\"ultimate-heading-830969d298b6c2437\" class=\"uvc-heading ult-adjust-bottom-margin ultimate-heading-830969d298b6c2437 uvc-835 accent-border-color\" data-hspacer=\"line_only\"  data-halign=\"left\" style=\"text-align:left\"><div class=\"uvc-main-heading ult-responsive\"  data-ultimate-target='.uvc-heading.ultimate-heading-830969d298b6c2437 h2'  data-responsive-json-new='{\"font-size\":\"desktop:30px;\",\"line-height\":\"desktop:40px;\"}' ><h2 style=\"font-weight:bold;margin-bottom:5px;\">Visi\u00f3n<\/h2><\/div><div class=\"uvc-heading-spacer line_only\" style=\"margin-bottom:40px;height:3px;\"><span class=\"uvc-headings-line\" style=\"border-style:solid;border-bottom-width:3px;border-color:;width:80px;\"><\/span><\/div><\/div>[vc_column_text]Ya sea en el <span style=\"color: #226dc9;\">dise\u00f1o<\/span>, la <span style=\"color: #226dc9;\">realizaci\u00f3n<\/span> de sus necesidades o nuestra capacidad para ofrecerle un servicio extraordinario, \u00a1le garantizamos en Webfacile la <span style=\"color: #226dc9;\">mejor<\/span> experiencia web posible![\/vc_column_text][\/vc_column_inner][vc_column_inner width=\u00bb1\/2&#8243; css=\u00bb.vc_custom_1491746388981{padding-bottom: 50px !important;}\u00bb]<style type=\"text\/css\" data-type=\"the7_shortcodes-inline-css\">.shortcode-single-image-wrap.shortcode-single-image-15f4348319a8e952696079a194e5245b.enable-bg-rollover .rollover i,\n.shortcode-single-image-wrap.shortcode-single-image-15f4348319a8e952696079a194e5245b.enable-bg-rollover .rollover-video i {\n  background: -webkit-linear-gradient();\n  background: linear-gradient();\n}\n.shortcode-single-image-wrap.shortcode-single-image-15f4348319a8e952696079a194e5245b .rollover-icon {\n  font-size: 32px;\n  color: #ffffff;\n  min-width: 44px;\n  min-height: 44px;\n  line-height: 44px;\n  border-radius: 100px;\n  border-style: solid;\n  border-width: 0px;\n}\n.dt-icon-bg-on.shortcode-single-image-wrap.shortcode-single-image-15f4348319a8e952696079a194e5245b .rollover-icon {\n  background: rgba(255,255,255,0.3);\n  box-shadow: none;\n}\n<\/style><div class=\"shortcode-single-image-wrap shortcode-single-image-15f4348319a8e952696079a194e5245b alignnone  enable-bg-rollover dt-icon-bg-off\" style=\"margin-top:0px; margin-bottom:0px; margin-left:0px; margin-right:0px; width:1000px;\"><div class=\"shortcode-single-image\"><div class=\"fancy-media-wrap  layzr-bg\" style=\"\"><img decoding=\"async\" class=\"preload-me lazy-load aspect\" src=\"data:image\/svg+xml,%3Csvg%20xmlns%3D&#39;http%3A%2F%2Fwww.w3.org%2F2000%2Fsvg&#39;%20viewBox%3D&#39;0%200%201000%20700&#39;%2F%3E\" data-src=\"https:\/\/webfacile.ca\/wp-content\/uploads\/2018\/06\/trade06-1000x700.jpg\" data-srcset=\"https:\/\/webfacile.ca\/wp-content\/uploads\/2018\/06\/trade06-1000x700.jpg 1000w, https:\/\/webfacile.ca\/wp-content\/uploads\/2018\/06\/trade06-1428x1000.jpg 1428w\" loading=\"eager\" sizes=\"(max-width: 1000px) 100vw, 1000px\" width=\"1000\" height=\"700\"  data-dt-location=\"https:\/\/webfacile.ca\/es\/about\/trade06\/\" style=\"--ratio: 1000 \/ 700;\" alt=\"\" \/><\/div><\/div><\/div>[\/vc_column_inner][\/vc_row_inner][\/vc_column][\/vc_row][vc_row bg_type=\u00bbimage\u00bb parallax_style=\u00bbvcpb-vz-jquery\u00bb bg_image_new=\u00bbid^1900|url^https:\/\/webfacile.ca\/wp-content\/uploads\/2018\/06\/trade10.jpg|caption^null|alt^null|title^trade10|description^null\u00bb parallax_sense=\u00bb40&#8243; bg_override=\u00bbex-full\u00bb enable_overlay=\u00bbenable_overlay_value\u00bb overlay_color=\u00bbrgba(0,0,0,0.6)\u00bb type=\u00bbvc_default\u00bb css=\u00bb.vc_custom_1529568827418{padding-top: 100px !important;padding-bottom: 105px !important;}\u00bb][vc_column width=\u00bb5\/6&#8243; offset=\u00bbvc_col-lg-offset-2 vc_col-lg-8 vc_col-md-offset-1 vc_col-md-10 vc_col-sm-offset-1&#8243;]<div id=\"ultimate-heading-556869d298b6c39ef\" class=\"uvc-heading ult-adjust-bottom-margin ultimate-heading-556869d298b6c39ef uvc-6412 accent-border-color\" data-hspacer=\"line_only\"  data-halign=\"center\" style=\"text-align:center\"><div class=\"uvc-main-heading ult-responsive\"  data-ultimate-target='.uvc-heading.ultimate-heading-556869d298b6c39ef h2'  data-responsive-json-new='{\"font-size\":\"desktop:22px;\",\"line-height\":\"desktop:32px;\"}' ><h2 style=\"font-weight:bold;color:#ffffff;margin-bottom:5px;\">Webfacile<\/h2><\/div><div class=\"uvc-heading-spacer line_only\" style=\"margin-bottom:40px;height:3px;\"><span class=\"uvc-headings-line\" style=\"border-style:solid;border-bottom-width:3px;border-color:;width:80px;\"><\/span><\/div><div class=\"uvc-sub-heading ult-responsive\"  data-ultimate-target='.uvc-heading.ultimate-heading-556869d298b6c39ef .uvc-sub-heading '  data-responsive-json-new='{\"font-size\":\"desktop:44px;tablet_portrait:30px;mobile_landscape:22px;\",\"line-height\":\"desktop:54px;tablet_portrait:40px;mobile_landscape:32px;\"}'  style=\"font-family:&#039;Raleway&#039;;font-weight:bold;color:#ffffff;\">Cont\u00e1ctanos y nuestro equipo estar\u00e1 encantado de ayudarle con su proyecto<\/div><\/div><style type=\"text\/css\" data-type=\"the7_shortcodes-inline-css\">#default-btn-5bf0518cef12b2d2457883991c12b43f.ico-right-side > i {\n  margin-right: 0px;\n  margin-left: 8px;\n}\n#default-btn-5bf0518cef12b2d2457883991c12b43f > i {\n  margin-right: 8px;\n}\n<\/style><div class=\"btn-align-center\"><a href=\"https:\/\/webfacile.ca\/contactez-nous\/\" class=\"default-btn-shortcode dt-btn dt-btn-l link-hover-off  vc_custom_1606155585808\" id=\"default-btn-5bf0518cef12b2d2457883991c12b43f\" style=\"width:300px;\" title=\"Contactez-nous\"><span>CONTACTEZ-NOUS<\/span><\/a><\/div>[\/vc_column][\/vc_row]<\/p>\n","protected":false},"excerpt":{"rendered":"<p>[vc_row equal_height=\u00bbyes\u00bb content_placement=\u00bbmiddle\u00bb type=\u00bbvc_default\u00bb margin_top=\u00bb5&#8243; margin_bottom=\u00bb10&#8243; css=\u00bb.vc_custom_1529516549373{padding-top: 70px !important;padding-bottom: 20px !important;}\u00bb][vc_column offset=\u00bbvc_col-lg-offset-2 vc_col-lg-8 vc_col-md-offset-1 vc_col-md-10&#8243;][\/vc_column][vc_column][vc_row_inner equal_height=\u00bbyes\u00bb content_placement=\u00bbmiddle\u00bb][vc_column_inner width=\u00bb1\/2&#8243; css=\u00bb.vc_custom_1491746388981{padding-bottom: 50px !important;}\u00bb][\/vc_column_inner][vc_column_inner width=\u00bb1\/2&#8243; css=\u00bb.vc_custom_1491746397816{padding-bottom: 50px !important;}\u00bb][vc_column_text css=\u00bb.vc_custom_1606174783989{padding-bottom: 20px !important;}\u00bb]Webfacile es pionera en la creaci\u00f3n de sitios web, nuestros sitios siempre de alta calidad y con ergonom\u00eda adaptada a todos los formatos, ya sea en el tel\u00e9fono&hellip;<\/p>\n","protected":false},"author":3,"featured_media":0,"parent":0,"menu_order":5,"comment_status":"closed","ping_status":"closed","template":"","meta":{"footnotes":""},"class_list":["post-2751","page","type-page","status-publish","hentry","description-off"],"_links":{"self":[{"href":"https:\/\/webfacile.ca\/es\/wp-json\/wp\/v2\/pages\/2751","targetHints":{"allow":["GET"]}}],"collection":[{"href":"https:\/\/webfacile.ca\/es\/wp-json\/wp\/v2\/pages"}],"about":[{"href":"https:\/\/webfacile.ca\/es\/wp-json\/wp\/v2\/types\/page"}],"author":[{"embeddable":true,"href":"https:\/\/webfacile.ca\/es\/wp-json\/wp\/v2\/users\/3"}],"replies":[{"embeddable":true,"href":"https:\/\/webfacile.ca\/es\/wp-json\/wp\/v2\/comments?post=2751"}],"version-history":[{"count":11,"href":"https:\/\/webfacile.ca\/es\/wp-json\/wp\/v2\/pages\/2751\/revisions"}],"predecessor-version":[{"id":2780,"href":"https:\/\/webfacile.ca\/es\/wp-json\/wp\/v2\/pages\/2751\/revisions\/2780"}],"wp:attachment":[{"href":"https:\/\/webfacile.ca\/es\/wp-json\/wp\/v2\/media?parent=2751"}],"curies":[{"name":"wp","href":"https:\/\/api.w.org\/{rel}","templated":true}]}}